{"id":803,"date":"2019-02-13T06:54:46","date_gmt":"2019-02-13T09:54:46","guid":{"rendered":"https:\/\/clinicaelcampanario.com\/?page_id=803"},"modified":"2019-02-13T06:56:12","modified_gmt":"2019-02-13T09:56:12","slug":"advertencia-legal","status":"publish","type":"page","link":"https:\/\/clinicaelcampanario.com\/deutsch\/rechtshinweis\/","title":{"rendered":"Rechtlicher Hinweis"},"content":{"rendered":"<div data-elementor-type=\"wp-post\" data-elementor-id=\"803\" class=\"elementor elementor-803 elementor-bc-flex-widget\" data-elementor-post-type=\"page\">\n\t\t\t\t\t\t<section class=\"elementor-section elementor-top-section elementor-element elementor-element-5f3f871 elementor-section-boxed elementor-section-height-default elementor-section-height-default\" data-id=\"5f3f871\" data-element_type=\"section\" data-settings=\"{&quot;jet_parallax_layout_list&quot;:[]}\">\n\t\t\t\t\t\t<div class=\"elementor-container elementor-column-gap-default\">\n\t\t\t\t\t<div class=\"elementor-column elementor-col-100 elementor-top-column elementor-element elementor-element-9fb3fc6\" data-id=\"9fb3fc6\" data-element_type=\"column\">\n\t\t\t<div class=\"elementor-widget-wrap elementor-element-populated\">\n\t\t\t\t\t\t<div class=\"elementor-element elementor-element-d1bc722 elementor-widget elementor-widget-heading\" data-id=\"d1bc722\" data-element_type=\"widget\" data-widget_type=\"heading.default\">\n\t\t\t\t<div class=\"elementor-widget-container\">\n\t\t\t\t\t<h2 class=\"elementor-heading-title elementor-size-default\">Rechtlicher Hinweis<\/h2>\t\t\t\t<\/div>\n\t\t\t\t<\/div>\n\t\t\t\t\t<\/div>\n\t\t<\/div>\n\t\t\t\t\t<\/div>\n\t\t<\/section>\n\t\t\t\t<section class=\"elementor-section elementor-top-section elementor-element elementor-element-dda4442 elementor-section-boxed elementor-section-height-default elementor-section-height-default\" data-id=\"dda4442\" data-element_type=\"section\" data-settings=\"{&quot;jet_parallax_layout_list&quot;:[]}\">\n\t\t\t\t\t\t<div class=\"elementor-container elementor-column-gap-default\">\n\t\t\t\t\t<div class=\"elementor-column elementor-col-100 elementor-top-column elementor-element elementor-element-1b2ecd2\" data-id=\"1b2ecd2\" data-element_type=\"column\">\n\t\t\t<div class=\"elementor-widget-wrap elementor-element-populated\">\n\t\t\t\t\t\t<div class=\"elementor-element elementor-element-de2f9e3 elementor-widget elementor-widget-text-editor\" data-id=\"de2f9e3\" data-element_type=\"widget\" data-widget_type=\"text-editor.default\">\n\t\t\t\t<div class=\"elementor-widget-container\">\n\t\t\t\t\t\t\t\t\t<p><strong>1. IDENTIFIKATIONSDATEN:<\/strong> In Erf\u00fcllung der Informationspflicht gem\u00e4\u00df Artikel 10 des Gesetzes 34\/2002 vom 11. Juli \u00fcber die Dienste der Informationsgesellschaft und den elektronischen Handel werden im Folgenden die folgenden Informationen wiedergegeben: Das Unternehmen, das Eigent\u00fcmer der Web-Domain www.medassist.es ist, ist die Handelsgesellschaft MEDASSSIST S.L.P (im Folgenden MEDASSIST), mit eingetragener Adresse in Av. de Espa\u00f1a, 22 - Sitio de Calahonda, Mijas Costa (29649), Provinz M\u00e1laga, Spanien, und mit der Steueridentifikationsnummer B- 92956523, eingetragen im Handelsregister von M\u00e1laga in Band 4557, Buch 3466, Blatt 26, Seite MA-98654, Eintrag 1. Kontakt-E-Mail: info@clinicaelcampanario.com<\/p><p><strong>2. BENUTZER:<\/strong> Der Zugang und\/oder die Nutzung des Portals MEDASSIST setzt voraus, dass der BENUTZER die hierin enthaltenen Allgemeinen Nutzungsbedingungen akzeptiert. Die vorgenannten Bedingungen gelten unabh\u00e4ngig von den Allgemeinen Vertragsbedingungen, die gegebenenfalls obligatorisch sind.<\/p><p><strong>3. NUTZUNG DES PORTALS:<\/strong> www.medasssist.es bietet Zugang zu einer Vielzahl von Informationen, Diensten, Programmen oder Daten (im Folgenden \"die Inhalte\") im Internet, die MEDASSIST oder seinen Lizenzgebern geh\u00f6ren und zu denen der BENUTZER Zugang haben kann. Der BENUTZER \u00fcbernimmt die Verantwortung f\u00fcr die Nutzung des Portals. Diese Verantwortung erstreckt sich auch auf die Registrierung, die f\u00fcr den Zugang zu bestimmten Diensten oder Inhalten erforderlich sein kann. Bei dieser Registrierung ist der BENUTZER daf\u00fcr verantwortlich, wahrheitsgem\u00e4\u00dfe und rechtm\u00e4\u00dfige Angaben zu machen. Als Folge dieser Registrierung kann dem BENUTZER ein Passwort zugeteilt werden, f\u00fcr das er verantwortlich ist und f\u00fcr dessen sorgf\u00e4ltige und vertrauliche Verwendung er sich verpflichtet. Der BENUTZER verpflichtet sich, die Inhalte und Dienste (wie Chat-Dienste, Diskussionsforen oder Newsgroups), die MEDASSIST \u00fcber sein Portal anbietet, in angemessener Weise zu nutzen und sie beispielsweise, aber nicht ausschlie\u00dflich, nicht f\u00fcr (i) unerlaubte, illegale oder gegen Treu und Glauben und die \u00f6ffentliche Ordnung versto\u00dfende Aktivit\u00e4ten zu verwenden; (ii) Inhalte oder Propaganda rassistischer, fremdenfeindlicher, pornografisch-illegaler Art, zur Verteidigung des Terrorismus oder gegen die Menschenrechte zu verbreiten; (iii) Sch\u00e4den an den physischen und logischen Systemen von MEDASSIST, seinen Lieferanten oder Dritten zu verursachen, Computerviren oder andere physische oder logische Systeme einzuf\u00fchren oder zu verbreiten, die geeignet sind, die oben genannten Sch\u00e4den zu verursachen; (iv) zu versuchen, auf die E-Mail-Konten anderer Nutzer zuzugreifen und diese gegebenenfalls zu nutzen und deren Nachrichten zu ver\u00e4ndern oder zu manipulieren. MEDASSIST beh\u00e4lt sich das Recht vor, Kommentare und Beitr\u00e4ge zu entfernen, die die Achtung der Menschenw\u00fcrde verletzen, diskriminierend, fremdenfeindlich, rassistisch, pornografisch sind, die Jugend oder das Kindesalter, die \u00f6ffentliche Ordnung oder Sicherheit verletzen oder die nach Ansicht von MEDASSIST nicht zur Ver\u00f6ffentlichung geeignet sind. In jedem Fall ist MEDASSIST nicht f\u00fcr die von den Nutzern in Foren, Chats oder anderen Beteiligungsinstrumenten ge\u00e4u\u00dferten Meinungen verantwortlich.<\/p><p><strong>4. DATENSCHUTZ:<\/strong> MEDASSIST h\u00e4lt die Richtlinien des Organgesetzes 15\/1999 vom 13. Dezember \u00fcber den Schutz personenbezogener Daten, den K\u00f6niglichen Erlass 1720\/2007 vom 21. Dezember zur Verabschiedung der Verordnungen zur Entwicklung des Organgesetzes und andere geltende Vorschriften jederzeit ein und gew\u00e4hrleistet die korrekte Verwendung und Verarbeitung der personenbezogenen Daten der Nutzer. Zu diesem Zweck informiert MEDASSIST den Nutzer zusammen mit jedem Formular f\u00fcr die Erfassung personenbezogener Daten in den Dienstleistungen, die er von MEDASSIST anfordern kann, \u00fcber das Vorhandensein und die Akzeptanz der besonderen Bedingungen f\u00fcr die Verarbeitung seiner Daten in jedem einzelnen Fall und informiert ihn \u00fcber die Verantwortlichkeit f\u00fcr die angelegte Datei, die Adresse des Verantwortlichen, die M\u00f6glichkeit der Aus\u00fcbung seiner Rechte auf Zugang, Berichtigung, L\u00f6schung oder Widerspruch, den Zweck der Verarbeitung und die Weitergabe der Daten an Dritte, falls zutreffend. MEDASSIST informiert Sie ebenfalls, dass es das Gesetz 34\/2002 vom 11. Juli \u00fcber die Dienste der Informationsgesellschaft und den elektronischen Handel einh\u00e4lt und Sie jederzeit um Ihre Zustimmung zur Verarbeitung Ihrer E-Mails zu kommerziellen Zwecken bitten wird. MEDASSIST garantiert allen Nutzern, die ihre pers\u00f6nlichen Daten zur Verf\u00fcgung stellen, um auf unsere Dienste zuzugreifen, die dies erfordern, die maximale Vertraulichkeit und den Schutz ihrer Daten. Die Personen, die MEDASSIST ihre pers\u00f6nlichen Daten zur Verf\u00fcgung gestellt haben, k\u00f6nnen sich an MEDASSIST als Dateiverwalter wenden, um ihre Rechte auf Zugang, Berichtigung, L\u00f6schung und Widerspruch in Bezug auf ihre Daten auszu\u00fcben, wobei zu beachten ist, dass die Aus\u00fcbung dieser Rechte sehr pers\u00f6nlich ist und es daher notwendig ist, dass der Betroffene seine Identit\u00e4t ordnungsgem\u00e4\u00df nachweist. Wenn der Betroffene seine Rechte wahrnehmen m\u00f6chte, sollte er sich schriftlich an folgende Postanschrift wenden: MEDASSIST - P.O. BOX 3045 - SITIO DE CALAHONDA - MIJAS COSTA (29649) - M\u00c1LAGA - SPAIN. Sie k\u00f6nnen Ihre Rechte auch pers\u00f6nlich in unserem Hauptsitz in der Av. De Espa\u00f1a, 22 - Sitio de Calahonda - Mijas Costa (29649), M\u00e1laga, Spanien, aus\u00fcben, wo Ihnen unsere Mitarbeiter Auskunft \u00fcber die Aus\u00fcbung Ihrer Rechte geben werden. Nach Eingang des Antrags wird MEDASSIST Sie innerhalb der in den geltenden Vorschriften festgelegten Fristen \u00fcber seine Entscheidung informieren.<span style=\"font-size: 15px;\"><br \/><\/span><\/p><p><span style=\"font-size: 15px;\"><strong>5. GEISTIGES UND GEWERBLICHES EIGENTUM:<\/strong> MEDASSIST ist selbst oder als Bevollm\u00e4chtigter Inhaber aller geistigen und gewerblichen Eigentumsrechte an seiner Website sowie an den darin enthaltenen Elementen (einschlie\u00dflich, aber nicht beschr\u00e4nkt auf Bilder, Ton, Audio, Video, Software oder Texte; Marken oder Logos, Farbkombinationen, Struktur und Design, Auswahl der verwendeten Materialien, Computerprogramme, die f\u00fcr den Betrieb, den Zugang und die Nutzung erforderlich sind, usw.).) Gem\u00e4\u00df den Bestimmungen der Artikel 8 und 32.1, zweiter Absatz, des Gesetzes \u00fcber das geistige Eigentum sind die Vervielf\u00e4ltigung, die Verbreitung und die \u00f6ffentliche Bekanntmachung, einschlie\u00dflich der Modalit\u00e4ten der Bereitstellung, des gesamten oder eines Teils des Inhalts dieser Website zu kommerziellen Zwecken, auf jedem Tr\u00e4ger und mit jedem technischen Mittel, ohne die Genehmigung von MEDASSIST, ausdr\u00fccklich verboten. Der BENUTZER verpflichtet sich, die Rechte des geistigen und gewerblichen Eigentums von MEDASSIST zu respektieren. Er darf die Elemente des Portals ansehen und sogar ausdrucken, kopieren und auf der Festplatte seines Computers oder auf einem anderen physischen Tr\u00e4ger speichern, solange dies einzig und allein zu seinem pers\u00f6nlichen und privaten Gebrauch geschieht. Der BENUTZER unterl\u00e4sst es, Schutzvorrichtungen oder Sicherheitssysteme, die auf den MEDASSIST-Seiten installiert sind, zu l\u00f6schen, zu ver\u00e4ndern, zu umgehen oder zu manipulieren.<\/span><\/p><p><strong>6. VER\u00c4NDERUNGEN:<\/strong> MEDASSIST beh\u00e4lt sich das Recht vor, ohne vorherige Ank\u00fcndigung \u00c4nderungen an seinem Portal vorzunehmen, und seine Website sowie die darin enthaltenen Elemente (einschlie\u00dflich, aber nicht beschr\u00e4nkt auf Bilder, Ton, Audio, Video, Software oder Texte; Marken oder Logos, Farbkombinationen, Struktur und Design, Auswahl der verwendeten Materialien, Computerprogramme, die f\u00fcr den Betrieb, den Zugang und die Nutzung erforderlich sind, usw.) sind Eigentum von MEDASSIST oder seiner Lizenzgeber. Gem\u00e4\u00df den Bestimmungen der Artikel 8 und 32.1, zweiter Absatz, des Gesetzes \u00fcber das geistige Eigentum sind die Vervielf\u00e4ltigung, die Verbreitung und die \u00f6ffentliche Bekanntmachung, einschlie\u00dflich der Modalit\u00e4t der Bereitstellung, des gesamten oder eines Teils des Inhalts dieser Website zu kommerziellen Zwecken, auf jedem Tr\u00e4ger und mit jedem technischen Mittel, ohne die Genehmigung von MEDASSIST, ausdr\u00fccklich verboten.<\/p><p><strong>7. AUSSCHLUSS VON GEW\u00c4HRLEISTUNG UND HAFTUNG:<\/strong> MEDASSIST \u00fcbernimmt unter keinen Umst\u00e4nden die Haftung f\u00fcr Sch\u00e4den jeglicher Art, die durch, aber nicht beschr\u00e4nkt auf: Fehler oder Auslassungen in den Inhalten, mangelnde Verf\u00fcgbarkeit des Portals oder die \u00dcbertragung von Viren oder b\u00f6sartigen oder sch\u00e4dlichen Programmen in den Inhalten verursacht werden, obwohl alle notwendigen technischen Ma\u00dfnahmen ergriffen wurden, um dies zu vermeiden, die Inhalte und Dienstleistungen, die \u00fcber das Portal angeboten werden, zu \u00e4ndern, zu l\u00f6schen oder hinzuzuf\u00fcgen und die Art und Weise, wie sie auf dem Portal pr\u00e4sentiert werden.<\/p><p><strong>8. LINKS:<\/strong> F\u00fcr den Fall, dass www.medassist.es Links oder Hyperlinks zu anderen Internet-Seiten enth\u00e4lt, \u00fcbt MEDASSIST keinerlei Kontrolle \u00fcber diese Seiten und deren Inhalte aus. MEDASSIST \u00fcbernimmt in keinem Fall die Verantwortung f\u00fcr den Inhalt eines Links, der zu einer externen Website geh\u00f6rt, und garantiert auch nicht die technische Verf\u00fcgbarkeit, Qualit\u00e4t, Zuverl\u00e4ssigkeit, Genauigkeit, Vollst\u00e4ndigkeit, Wahrhaftigkeit, G\u00fcltigkeit und Verfassungsm\u00e4\u00dfigkeit des Materials oder der Informationen, die in einem dieser Hyperlinks oder auf anderen Internetseiten enthalten sind. Ebenso wenig bedeutet die Aufnahme dieser externen Verbindungen irgendeine Art von Assoziation, Fusion oder Beteiligung mit den verbundenen Einrichtungen.<\/p><p><strong>9. RECHT AUF AUSSCHLUSS: <\/strong>MEDASSIST beh\u00e4lt sich das Recht vor, den Zugang zum Portal und\/oder zu den angebotenen Dienstleistungen ohne Vorank\u00fcndigung zu verweigern oder zu entziehen, und zwar auf eigenes Verlangen oder auf Verlangen eines Dritten, wenn der Nutzer die vorliegenden Allgemeinen Nutzungsbedingungen nicht einh\u00e4lt.<\/p><p><strong>10. ALLGEMEINES:<\/strong> MEDASSIST wird jeden Versto\u00df gegen diese Bedingungen sowie jede missbr\u00e4uchliche Nutzung seines Portals mit allen zivil- und strafrechtlichen Mitteln verfolgen, die ihm von Gesetzes wegen zustehen.<\/p><p><strong>11. \u00c4NDERUNG DIESER BEDINGUNGEN UND DAUER:<\/strong> MEDASSIST kann jederzeit die hier festgelegten Bedingungen \u00e4ndern, die ordnungsgem\u00e4\u00df ver\u00f6ffentlicht werden, wie sie hier erscheinen. Die G\u00fcltigkeit der vorgenannten Bedingungen h\u00e4ngt von ihrer Ver\u00f6ffentlichung ab und sie bleiben in Kraft, bis sie durch andere, ordnungsgem\u00e4\u00df ver\u00f6ffentlichte Bedingungen ge\u00e4ndert werden.<\/p><p><strong>12. ANWENDBARES RECHT UND GERICHTSBARKEIT:<\/strong> Die Beziehung zwischen MEDASSIST und dem BENUTZER unterliegt der geltenden spanischen Gesetzgebung und alle Streitigkeiten werden den Gerichten der Stadt M\u00e1laga vorgelegt.<\/p>\t\t\t\t\t\t\t\t<\/div>\n\t\t\t\t<\/div>\n\t\t\t\t\t<\/div>\n\t\t<\/div>\n\t\t\t\t\t<\/div>\n\t\t<\/section>\n\t\t\t\t<\/div>\n\t\t<div style=\"margin: 20px 0;\"><div class=\"qrcswholewtapper\" style=\"text-align:left;\"><div class=\"qrcprowrapper\"  id=\"qrcwraa2leds\"><div class=\"qrc_canvass\" id=\"qrc_cuttenpages_2\" style=\"display:inline-block\" data-text=\"https:\/\/clinicaelcampanario.com\/deutsch\/rechtshinweis\/\"><\/div><div><a download=\"Advertencia Legal.png\" class=\"qrcdownloads\" id=\"worign\">\r\n           <button type=\"button\" style=\"min-width:250px;background:#c8fd8c;color:#000;font-weight: 600;border: 1px solid #44d813;border-radius:20px;font-size:12px;padding: 6px 0;\" class=\"uqr_code_btn\">QR herunterladen<\/button>\r\n           <\/a><\/div><\/div><\/div><\/div>","protected":false},"excerpt":{"rendered":"<p>Rechtlicher Hinweis 1. IDENTIFIZIERENDE DATEN: In \u00dcbereinstimmung mit der Informationspflicht gem\u00e4\u00df Artikel 10 des Gesetzes 34\/2002 vom 11. Juli \u00fcber die Dienste der Informationsgesellschaft [...]<\/p>","protected":false},"author":1,"featured_media":0,"parent":0,"menu_order":0,"comment_status":"closed","ping_status":"closed","template":"","meta":{"_uag_custom_page_level_css":"","site-sidebar-layout":"no-sidebar","site-content-layout":"page-builder","ast-site-content-layout":"default","site-content-style":"default","site-sidebar-style":"default","ast-global-header-display":"","ast-banner-title-visibility":"","ast-main-header-display":"","ast-hfb-above-header-display":"","ast-hfb-below-header-display":"","ast-hfb-mobile-header-display":"","site-post-title":"disabled","ast-breadcrumbs-content":"","ast-featured-img":"disabled","footer-sml-layout":"","theme-transparent-header-meta":"default","adv-header-id-meta":"","stick-header-meta":"","header-above-stick-meta":"","header-main-stick-meta":"","header-below-stick-meta":"","astra-migrate-meta-layouts":"default","ast-page-background-enabled":"default","ast-page-background-meta":{"desktop":{"background-color":"","background-image":"","background-repeat":"repeat","background-position":"center center","background-size":"auto","background-attachment":"scroll","background-type":"","background-media":"","overlay-type":"","overlay-color":"","overlay-opacity":"","overlay-gradient":""},"tablet":{"background-color":"","background-image":"","background-repeat":"repeat","background-position":"center center","background-size":"auto","background-attachment":"scroll","background-type":"","background-media":"","overlay-type":"","overlay-color":"","overlay-opacity":"","overlay-gradient":""},"mobile":{"background-color":"","background-image":"","background-repeat":"repeat","background-position":"center center","background-size":"auto","background-attachment":"scroll","background-type":"","background-media":"","overlay-type":"","overlay-color":"","overlay-opacity":"","overlay-gradient":""}},"ast-content-background-meta":{"desktop":{"background-color":"var(--ast-global-color-5)","background-image":"","background-repeat":"repeat","background-position":"center center","background-size":"auto","background-attachment":"scroll","background-type":"","background-media":"","overlay-type":"","overlay-color":"","overlay-opacity":"","overlay-gradient":""},"tablet":{"background-color":"var(--ast-global-color-5)","background-image":"","background-repeat":"repeat","background-position":"center center","background-size":"auto","background-attachment":"scroll","background-type":"","background-media":"","overlay-type":"","overlay-color":"","overlay-opacity":"","overlay-gradient":""},"mobile":{"background-color":"var(--ast-global-color-5)","background-image":"","background-repeat":"repeat","background-position":"center center","background-size":"auto","background-attachment":"scroll","background-type":"","background-media":"","overlay-type":"","overlay-color":"","overlay-opacity":"","overlay-gradient":""}},"_mbp_gutenberg_autopost":false,"footnotes":""},"class_list":["post-803","page","type-page","status-publish","hentry"],"yoast_head":"<!-- This site is optimized with the Yoast SEO plugin v25.6 - https:\/\/yoast.com\/wordpress\/plugins\/seo\/ -->\n<title>Advertencia Legal - Cl\u00ednica El Campanario<\/title>\n<meta name=\"robots\" content=\"index, follow, max-snippet:-1, max-image-preview:large, max-video-preview:-1\" \/>\n<link rel=\"canonical\" href=\"https:\/\/clinicaelcampanario.com\/deutsch\/rechtshinweis\/\" \/>\n<meta property=\"og:locale\" content=\"de_DE\" \/>\n<meta property=\"og:type\" content=\"article\" \/>\n<meta property=\"og:title\" content=\"Advertencia Legal - Cl\u00ednica El Campanario\" \/>\n<meta property=\"og:description\" content=\"Advertencia Legal 1. DATOS IDENTIFICATIVOS: En cumplimiento con el deber de informaci\u00f3n recogido en art\u00edculo 10 de la Ley 34\/2002, de 11 de julio, de Servicios de la Sociedad de [&hellip;]\" \/>\n<meta property=\"og:url\" content=\"https:\/\/clinicaelcampanario.com\/deutsch\/rechtshinweis\/\" \/>\n<meta property=\"og:site_name\" content=\"Cl\u00ednica El Campanario\" \/>\n<meta property=\"article:modified_time\" content=\"2019-02-13T09:56:12+00:00\" \/>\n<meta name=\"twitter:card\" content=\"summary_large_image\" \/>\n<meta name=\"twitter:label1\" content=\"Gesch\u00e4tzte Lesezeit\" \/>\n\t<meta name=\"twitter:data1\" content=\"8\u00a0Minuten\" \/>\n<script type=\"application\/ld+json\" class=\"yoast-schema-graph\">{\"@context\":\"https:\/\/schema.org\",\"@graph\":[{\"@type\":\"WebPage\",\"@id\":\"https:\/\/clinicaelcampanario.com\/advertencia-legal\/\",\"url\":\"https:\/\/clinicaelcampanario.com\/advertencia-legal\/\",\"name\":\"Advertencia Legal - Cl\u00ednica El Campanario\",\"isPartOf\":{\"@id\":\"https:\/\/clinicaelcampanario.com\/#website\"},\"datePublished\":\"2019-02-13T09:54:46+00:00\",\"dateModified\":\"2019-02-13T09:56:12+00:00\",\"breadcrumb\":{\"@id\":\"https:\/\/clinicaelcampanario.com\/advertencia-legal\/#breadcrumb\"},\"inLanguage\":\"de\",\"potentialAction\":[{\"@type\":\"ReadAction\",\"target\":[\"https:\/\/clinicaelcampanario.com\/advertencia-legal\/\"]}]},{\"@type\":\"BreadcrumbList\",\"@id\":\"https:\/\/clinicaelcampanario.com\/advertencia-legal\/#breadcrumb\",\"itemListElement\":[{\"@type\":\"ListItem\",\"position\":1,\"name\":\"Portada\",\"item\":\"https:\/\/clinicaelcampanario.com\/\"},{\"@type\":\"ListItem\",\"position\":2,\"name\":\"Advertencia Legal\"}]},{\"@type\":\"WebSite\",\"@id\":\"https:\/\/clinicaelcampanario.com\/#website\",\"url\":\"https:\/\/clinicaelcampanario.com\/\",\"name\":\"Cl\u00ednica El Campanario\",\"description\":\"Centro M\u00e9dico en Calahonda\",\"publisher\":{\"@id\":\"https:\/\/clinicaelcampanario.com\/#organization\"},\"potentialAction\":[{\"@type\":\"SearchAction\",\"target\":{\"@type\":\"EntryPoint\",\"urlTemplate\":\"https:\/\/clinicaelcampanario.com\/?s={search_term_string}\"},\"query-input\":{\"@type\":\"PropertyValueSpecification\",\"valueRequired\":true,\"valueName\":\"search_term_string\"}}],\"inLanguage\":\"de\"},{\"@type\":\"Organization\",\"@id\":\"https:\/\/clinicaelcampanario.com\/#organization\",\"name\":\"Cl\u00ednica el Campanario\",\"url\":\"https:\/\/clinicaelcampanario.com\/\",\"logo\":{\"@type\":\"ImageObject\",\"inLanguage\":\"de\",\"@id\":\"https:\/\/clinicaelcampanario.com\/#\/schema\/logo\/image\/\",\"url\":\"https:\/\/clinicaelcampanario.com\/wp-content\/uploads\/2019\/04\/campanariologo.png\",\"contentUrl\":\"https:\/\/clinicaelcampanario.com\/wp-content\/uploads\/2019\/04\/campanariologo.png\",\"width\":300,\"height\":68,\"caption\":\"Cl\u00ednica el Campanario\"},\"image\":{\"@id\":\"https:\/\/clinicaelcampanario.com\/#\/schema\/logo\/image\/\"}}]}<\/script>\n<!-- \/ Yoast SEO plugin. -->","yoast_head_json":{"title":"Rechtliche Hinweise - Cl\u00ednica El Campanario","robots":{"index":"index","follow":"follow","max-snippet":"max-snippet:-1","max-image-preview":"max-image-preview:large","max-video-preview":"max-video-preview:-1"},"canonical":"https:\/\/clinicaelcampanario.com\/deutsch\/rechtshinweis\/","og_locale":"de_DE","og_type":"article","og_title":"Advertencia Legal - Cl\u00ednica El Campanario","og_description":"Advertencia Legal 1. DATOS IDENTIFICATIVOS: En cumplimiento con el deber de informaci\u00f3n recogido en art\u00edculo 10 de la Ley 34\/2002, de 11 de julio, de Servicios de la Sociedad de [&hellip;]","og_url":"https:\/\/clinicaelcampanario.com\/deutsch\/rechtshinweis\/","og_site_name":"Cl\u00ednica El Campanario","article_modified_time":"2019-02-13T09:56:12+00:00","twitter_card":"summary_large_image","twitter_misc":{"Gesch\u00e4tzte Lesezeit":"8\u00a0Minuten"},"schema":{"@context":"https:\/\/schema.org","@graph":[{"@type":"WebPage","@id":"https:\/\/clinicaelcampanario.com\/advertencia-legal\/","url":"https:\/\/clinicaelcampanario.com\/advertencia-legal\/","name":"Rechtliche Hinweise - Cl\u00ednica El Campanario","isPartOf":{"@id":"https:\/\/clinicaelcampanario.com\/#website"},"datePublished":"2019-02-13T09:54:46+00:00","dateModified":"2019-02-13T09:56:12+00:00","breadcrumb":{"@id":"https:\/\/clinicaelcampanario.com\/advertencia-legal\/#breadcrumb"},"inLanguage":"de","potentialAction":[{"@type":"ReadAction","target":["https:\/\/clinicaelcampanario.com\/advertencia-legal\/"]}]},{"@type":"BreadcrumbList","@id":"https:\/\/clinicaelcampanario.com\/advertencia-legal\/#breadcrumb","itemListElement":[{"@type":"ListItem","position":1,"name":"Portada","item":"https:\/\/clinicaelcampanario.com\/"},{"@type":"ListItem","position":2,"name":"Advertencia Legal"}]},{"@type":"WebSite","@id":"https:\/\/clinicaelcampanario.com\/#website","url":"https:\/\/clinicaelcampanario.com\/","name":"Klinik El Campanario","description":"Medizinisches Zentrum in Calahonda","publisher":{"@id":"https:\/\/clinicaelcampanario.com\/#organization"},"potentialAction":[{"@type":"SearchAction","target":{"@type":"EntryPoint","urlTemplate":"https:\/\/clinicaelcampanario.com\/?s={search_term_string}"},"query-input":{"@type":"PropertyValueSpecification","valueRequired":true,"valueName":"search_term_string"}}],"inLanguage":"de"},{"@type":"Organization","@id":"https:\/\/clinicaelcampanario.com\/#organization","name":"Klinik El Campanario","url":"https:\/\/clinicaelcampanario.com\/","logo":{"@type":"ImageObject","inLanguage":"de","@id":"https:\/\/clinicaelcampanario.com\/#\/schema\/logo\/image\/","url":"https:\/\/clinicaelcampanario.com\/wp-content\/uploads\/2019\/04\/campanariologo.png","contentUrl":"https:\/\/clinicaelcampanario.com\/wp-content\/uploads\/2019\/04\/campanariologo.png","width":300,"height":68,"caption":"Cl\u00ednica el Campanario"},"image":{"@id":"https:\/\/clinicaelcampanario.com\/#\/schema\/logo\/image\/"}}]}},"uagb_featured_image_src":{"full":false,"thumbnail":false,"medium":false,"medium_large":false,"large":false,"1536x1536":false,"2048x2048":false,"trp-custom-language-flag":false,"pgmb-post-image":false,"woocommerce_thumbnail":false,"woocommerce_single":false,"woocommerce_gallery_thumbnail":false},"uagb_author_info":{"display_name":"admin","author_link":"https:\/\/clinicaelcampanario.com\/deutsch\/author\/admin\/"},"uagb_comment_info":0,"uagb_excerpt":"Advertencia Legal 1. DATOS IDENTIFICATIVOS: En cumplimiento con el deber de informaci\u00f3n recogido en art\u00edculo 10 de la Ley 34\/2002, de 11 de julio, de Servicios de la Sociedad de [&hellip;]","_links":{"self":[{"href":"https:\/\/clinicaelcampanario.com\/deutsch\/wp-json\/wp\/v2\/pages\/803","targetHints":{"allow":["GET"]}}],"collection":[{"href":"https:\/\/clinicaelcampanario.com\/deutsch\/wp-json\/wp\/v2\/pages"}],"about":[{"href":"https:\/\/clinicaelcampanario.com\/deutsch\/wp-json\/wp\/v2\/types\/page"}],"author":[{"embeddable":true,"href":"https:\/\/clinicaelcampanario.com\/deutsch\/wp-json\/wp\/v2\/users\/1"}],"replies":[{"embeddable":true,"href":"https:\/\/clinicaelcampanario.com\/deutsch\/wp-json\/wp\/v2\/comments?post=803"}],"version-history":[{"count":0,"href":"https:\/\/clinicaelcampanario.com\/deutsch\/wp-json\/wp\/v2\/pages\/803\/revisions"}],"wp:attachment":[{"href":"https:\/\/clinicaelcampanario.com\/deutsch\/wp-json\/wp\/v2\/media?parent=803"}],"curies":[{"name":"wp","href":"https:\/\/api.w.org\/{rel}","templated":true}]}}